{"id":21,"date":"2020-06-10T21:31:36","date_gmt":"2020-06-10T19:31:36","guid":{"rendered":"https:\/\/ecoverre.pl\/it\/?page_id=21"},"modified":"2026-02-13T00:35:43","modified_gmt":"2026-02-12T23:35:43","slug":"contatto","status":"publish","type":"page","link":"https:\/\/ecoverre.pl\/it\/contatto\/","title":{"rendered":"Contatto"},"content":{"rendered":"<p class=\"mb-4\"><strong>EcoVerre<\/strong><br \/>\nul. Rozwojowa 1<br \/>\n44-338 Jastrz\u0119bie Zdr\u00f3j<br \/>\nPolonia<\/p>\n<p class=\"mb-4\">tel: 0048 515 666 215<br \/>\nemail: <a href=\"mailto:biuro@zlotyorzel.pl\"><strong>biuro@ecoverre.pl<\/strong><\/a><\/p>\n<p class=\"mb-4\"><span class=\"fs-12\">EcoVerre \u00e8 un marchio della societ\u00e0<\/span><br \/>\n<strong>EcoVerre Sp z.o.o<\/strong><br \/>\nul. Dziewicza 33<br \/>\n41-200 Sosnowiec<br \/>\nPolonia<\/p>\n<p class=\"mb-4\">NIP: 6443509102<br \/>\nKRS: 0000532595<br \/>\nREGON: 360202638<br \/>\nBDO: 000390502<\/p>\n","protected":false},"excerpt":{"rendered":"<p>EcoVerre ul. Rozwojowa 1 44-338 Jastrz\u0119bie Zdr\u00f3j Polonia tel: 0048 515 666 215 email: biuro@ecoverre.pl EcoVerre \u00e8 un marchio della societ\u00e0 EcoVerre Sp z.o.o ul. Dziewicza 33 41-200 Sosnowiec Polonia NIP: 6443509102 KRS: 0000532595 REGON: 360202638 BDO: 000390502<\/p>\n","protected":false},"author":1,"featured_media":0,"parent":0,"menu_order":0,"comment_status":"closed","ping_status":"closed","template":"page-kontakt.php","meta":{"footnotes":""},"class_list":["post-21","page","type-page","status-publish","hentry"],"yoast_head":"<!-- This site is optimized with the Yoast SEO plugin v15.6.1 - https:\/\/yoast.com\/wordpress\/plugins\/seo\/ -->\n<title>Contatto - Riciclaggio del vetro stratificato - EcoVerre<\/title>\n<meta name=\"description\" content=\"Otteniamo un\u2019elevata efficienza di recupero grazie alla propria metodologia di trattamento dei rifiuti di vetro . Tel: 507543868, biuro@ecoverre.pl\" \/>\n<meta name=\"robots\" content=\"index, follow, max-snippet:-1, max-image-preview:large, max-video-preview:-1\" \/>\n<link rel=\"canonical\" href=\"https:\/\/ecoverre.pl\/it\/contatto\/\" \/>\n<meta property=\"og:locale\" content=\"pl_PL\" \/>\n<meta property=\"og:type\" content=\"article\" \/>\n<meta property=\"og:title\" content=\"Contatto - Riciclaggio del vetro stratificato - EcoVerre\" \/>\n<meta property=\"og:description\" content=\"Otteniamo un\u2019elevata efficienza di recupero grazie alla propria metodologia di trattamento dei rifiuti di vetro . Tel: 507543868, biuro@ecoverre.pl\" \/>\n<meta property=\"og:url\" content=\"https:\/\/ecoverre.pl\/it\/contatto\/\" \/>\n<meta property=\"og:site_name\" content=\"EcoVerre\" \/>\n<meta property=\"article:modified_time\" content=\"2026-02-12T23:35:43+00:00\" \/>\n<meta property=\"og:image\" content=\"https:\/\/ecoverre.pl\/it\/wp-content\/uploads\/2020\/06\/ecoverre-og.jpg\" \/>\n\t<meta property=\"og:image:width\" content=\"1200\" \/>\n\t<meta property=\"og:image:height\" content=\"628\" \/>\n<meta name=\"twitter:card\" content=\"summary_large_image\" \/>\n<script type=\"application\/ld+json\" class=\"yoast-schema-graph\">{\"@context\":\"https:\/\/schema.org\",\"@graph\":[{\"@type\":\"WebSite\",\"@id\":\"https:\/\/ecoverre.pl\/it\/#website\",\"url\":\"https:\/\/ecoverre.pl\/it\/\",\"name\":\"EcoVerre\",\"description\":\"Recykling szk\\u0142a laminowanego\",\"potentialAction\":[{\"@type\":\"SearchAction\",\"target\":\"https:\/\/ecoverre.pl\/it\/?s={search_term_string}\",\"query-input\":\"required name=search_term_string\"}],\"inLanguage\":\"pl-PL\"},{\"@type\":\"WebPage\",\"@id\":\"https:\/\/ecoverre.pl\/it\/contatto\/#webpage\",\"url\":\"https:\/\/ecoverre.pl\/it\/contatto\/\",\"name\":\"Contatto - Riciclaggio del vetro stratificato - EcoVerre\",\"isPartOf\":{\"@id\":\"https:\/\/ecoverre.pl\/it\/#website\"},\"datePublished\":\"2020-06-10T19:31:36+00:00\",\"dateModified\":\"2026-02-12T23:35:43+00:00\",\"description\":\"Otteniamo un\\u2019elevata efficienza di recupero grazie alla propria metodologia di trattamento dei rifiuti di vetro . Tel: 507543868, biuro@ecoverre.pl\",\"inLanguage\":\"pl-PL\",\"potentialAction\":[{\"@type\":\"ReadAction\",\"target\":[\"https:\/\/ecoverre.pl\/it\/contatto\/\"]}]}]}<\/script>\n<!-- \/ Yoast SEO plugin. -->","_links":{"self":[{"href":"https:\/\/ecoverre.pl\/it\/wp-json\/wp\/v2\/pages\/21","targetHints":{"allow":["GET"]}}],"collection":[{"href":"https:\/\/ecoverre.pl\/it\/wp-json\/wp\/v2\/pages"}],"about":[{"href":"https:\/\/ecoverre.pl\/it\/wp-json\/wp\/v2\/types\/page"}],"author":[{"embeddable":true,"href":"https:\/\/ecoverre.pl\/it\/wp-json\/wp\/v2\/users\/1"}],"replies":[{"embeddable":true,"href":"https:\/\/ecoverre.pl\/it\/wp-json\/wp\/v2\/comments?post=21"}],"version-history":[{"count":13,"href":"https:\/\/ecoverre.pl\/it\/wp-json\/wp\/v2\/pages\/21\/revisions"}],"predecessor-version":[{"id":59,"href":"https:\/\/ecoverre.pl\/it\/wp-json\/wp\/v2\/pages\/21\/revisions\/59"}],"wp:attachment":[{"href":"https:\/\/ecoverre.pl\/it\/wp-json\/wp\/v2\/media?parent=21"}],"curies":[{"name":"wp","href":"https:\/\/api.w.org\/{rel}","templated":true}]}}