{"id":23,"date":"2020-06-10T21:32:19","date_gmt":"2020-06-10T19:32:19","guid":{"rendered":"https:\/\/ecoverre.pl\/de\/de\/?page_id=23"},"modified":"2020-07-02T23:22:54","modified_gmt":"2020-07-02T21:22:54","slug":"datenschutz-bestimmungen","status":"publish","type":"page","link":"https:\/\/ecoverre.pl\/de\/datenschutz-bestimmungen\/","title":{"rendered":"Datenschutz-Bestimmungen"},"content":{"rendered":"<h3>Allgemeine Angaben<\/h3>\n<ol>\n<li>Der Service-Betreiber ist: Z\u0142oty Orze\u0142 PS Sp z.o.o, ul. Dziewicza 33, 41-200 Sosnowiec, NIP: 6443509102, KRS: 0000532595, REGON: 360202638<\/li>\n<li>Der Service realisiert Funktionen im Bereich des Sammelns von Informationen bez\u00fcglich der Nutzer und ihres Verhaltens auf folgende Weise:\n<ol>\n<li>Durch freiwillig in Formularen gemachte Angaben.<\/li>\n<li>Durch Cookies, die in Endger\u00e4te gespeichert werden.<\/li>\n<li>Durch Sammlung von Server-Logs durch den Hosting-Betreiber ovh.pl, der unter der Adresse www.ovh.pl aktiv ist.<\/li>\n<\/ol>\n<\/li>\n<\/ol>\n<h3>Formularangaben<\/h3>\n<ol>\n<li>Der Service sammelt Informationen, die freiwillig vom Nutzer angegeben werden.<\/li>\n<li>Der Service kann au\u00dferdem Informationen bez\u00fcglich der Verbindungsparameter sammeln (Zeitangabe, IP-Adresse).<\/li>\n<li>Die im Formular gemachten Angaben werden an Dritte nur unter Einwilligung des Nutzers \u00a0weitergegeben.<\/li>\n<li>Die im Formular gemachten Angaben k\u00f6nnen eine Gruppe potentieller Kunden darstellen, der durch den Service-Betreiber im Register des General-Datenschutzbeauftragten gespeichert werden.<\/li>\n<li>Die im Formular angegebenen Daten werden zum Zweck verarbeitet, der aus der Funktion des jeweiligen Formulars resultiert z. B. zur Bearbeitung einer Service-Meldung oder zum gesch\u00e4ftlichen Kontakt.<\/li>\n<li>Die in den Formularen angegebenen Daten k\u00f6nnen an Subjekte weitergegeben werden, die bestimmte Technik-Dienstleistungen erbringen. Dies betrifft haupts\u00e4chlich die Weitergabe von Informationen bez\u00fcglich des Inhabers der registrierten Domain an Subjekte, die Internet-Domains verwalten (vor allem das Wissenschafts- und Akademiker-Computernetzwerk Naukowa i Akademicka Sie\u0107 Komputerowa j.b.r \u2013 NASK), Zahlungsdienstleister oder andere Subjekte, mit denen der Service-Betreiber in dieser Hinsicht zusammenarbeitet.<\/li>\n<\/ol>\n<h3>Informationen \u00fcber Cookies<\/h3>\n<ol>\n<li>Der Service verwendet Cookies.<\/li>\n<li>Cookies sind IT-Daten, insbesondere Text-Dateien, die im Endger\u00e4t des Service-Nutzers gespeichert werden und zur Nutzung des Service bestimmt sind. Cookies enthalten in der Regel den Namen der Internetseite, von der sie stammen, die Aufbewahrungszeit auf dem Endger\u00e4t sowie eine eindeutig zugewiesene Nummer.<\/li>\n<li>Das Subjekt, welches auf dem Endger\u00e4t des Nutzers Cookies speichert und zu ihnen Zugang erlangt, ist der Service-Betreiber.<\/li>\n<li>Cookies werden zu den folgenden Zwecken genutzt:\n<ol>\n<li>Erstellung von Statistiken, die Auskunft dar\u00fcber geben, wie die Service-Nutzer die Internetseiten nutzen, was erm\u00f6glicht, Struktur und Inhalte zu verbessern;<\/li>\n<li>Aufrechterhaltung der Nutzer-Session (nach dem Einloggen), damit der Nutzer nicht auf jeder Website Login und Passwort angeben muss;<\/li>\n<li>Bestimmung des Nutzerprofils, um ihm personalisierte Materialien in Werbe-Netzwerken anzeigen zu k\u00f6nnen, insbesondere im Google-Netzwerk.<\/li>\n<\/ol>\n<\/li>\n<li>Im Rahmen des Service werden zwei Arten von Cookies verwendet: Session Cookies und Persistent Cookies. Die ersten sind tempor\u00e4re Dateien, die auf dem Endger\u00e4t des Nutzers bis zum Ausloggen, Verlassen der Internetseite oder Ausschalten der Software (des Internet-Browsers) gespeichert werden. Persistent Cookies werden auf dem Endger\u00e4t des Nutzers so lange aufbewahrt wie es in den Parametern der Cookies angegeben wurde oder bis zur L\u00f6schung durch den Nutzer.<\/li>\n<li>Als Grundeinstellung l\u00e4sst die Software zur Darstellung von Internetseiten (Internet-Browser) in der Regel die Speicherung von Cookies auf dem Endger\u00e4t des Nutzers zu. Die Nutzer des Service k\u00f6nnen in dieser Hinsicht \u00c4nderungen vornehmen. Der Internet-Browser erm\u00f6glicht, Cookies zu l\u00f6schen. Cookies k\u00f6nnen au\u00dferdem automatisch blockiert werden. Detaillierte Informationen dazu sind in der Dokumentation oder im Hilfe-Men\u00fc des Internet-Browsers enthalten.<\/li>\n<li>Einschr\u00e4nkungen bei der Nutzung von Cookies k\u00f6nnen bestimmte Funktionalit\u00e4ten beeinflussen, die auf den Webseiten des Service verf\u00fcgbar sind.<\/li>\n<li>Cookies, die im Endger\u00e4t des Nutzers gespeichert werden, k\u00f6nnen ebenfalls von Werbetreibenden und Partner genutzt werden, die mit dem Service-Betreiber zusammenarbeiten.<\/li>\n<li>Wir empfehlen, die Datenschutzpolitik dieser Firmen zu lesen, um die Bedingungen der Nutzung von Cookies zu Statistik-Zwecken kennen zu lernen: Datenschutzpolitik von Google Analytics<\/li>\n<li>Cookies k\u00f6nnen von Werbenetzwerken genutzt werden, insbesondere vom Google-Netzwerk, um Werbung an die Art und Weise anzupassen, wie der Nutzer den Service nutzt. Zu diesem Zweck k\u00f6nnen Informationen bez\u00fcglich des Navigationspfades des Nutzers oder der Verweilzeit auf der jeweiligen Seite.<\/li>\n<li>Informationen und Pr\u00e4ferenzen des Nutzers, die vom Google-Werbenetzwerk gesammelt werden, kann der Nutzer die aus den Cookie-Dateien resultierenden Informationen mit Hilfe dieses Tools einsehen und bearbeiten:\u00a0<a href=\"https:\/\/www.google.com\/ads\/preferences\/\">https:\/\/www.google.com\/ads\/preferences\/<\/a><\/li>\n<\/ol>\n<h3>Server-Logs<\/h3>\n<ol>\n<li>Informationen bez\u00fcglich mancher Formen des Nutzerverhaltens werden auf dem Server gespeichert. Diese Daten werden ausschlie\u00dflich zur Service-Administration und Gew\u00e4hrleistung der schnellstm\u00f6glichen Bearbeitung der erbrachten Hosting-Dienstleistungen.<\/li>\n<li>Die angesehenen Informationen werden mit Hilfe von URL-Adressen identifiziert. Es k\u00f6nnen ebenfalls folgende Angaben gespeichert werden:\n<ol>\n<li>Zeit des Eingangs der Anfrage,<\/li>\n<li>Zeit der Absendung der Anfrage,<\/li>\n<li>Name der Kundenstation \u2013 Identifizierung \u00fcber das HTTP-Protokoll,<\/li>\n<li>Informationen \u00fcber Fehler, die bei HTTP-Transaktionen entstanden sind,<\/li>\n<li>Adresse der URL, welche vorher vom Nutzer (Referer-Link) \u2013 falls der Nutzer \u00fcber einen Link zum Service gelangt,<\/li>\n<li>Informationen bez\u00fcglich des Nutzer-Browsers,<\/li>\n<li>Informationen bez\u00fcglich der IP-Adresse.<\/li>\n<\/ol>\n<\/li>\n<li>Die folgenden Angaben werden keinen konkreten Besuchern zugewiesen.<\/li>\n<li>Die folgenden Angaben werden nur zu administrativen Server-Zwecken verwendet.<\/li>\n<\/ol>\n<h3>Weitergabe von Daten<\/h3>\n<ol>\n<li>Daten werden an andere Subjekte nur im rechtlich erlaubten Rahmen weitergegeben.<\/li>\n<li>Daten, die eine Identifizierung einer nat\u00fcrlichen Person erm\u00f6glichen, werden nur nach Einwilligung dieser Person weitergegeben.<\/li>\n<li>Der Betreiber kann verpflichtet sein, \u00fcber den Service gesammelte Informationen an befugte Beh\u00f6rden auf Basis rechtlich zul\u00e4ssiger Anfragen und im rechtlich zul\u00e4ssigen Rahmen weiterzugeben.<\/li>\n<\/ol>\n<h3>Cookie-Management \u2013 wie kann man in der Praxis Einwilligungen erteilen und widerrufen?<\/h3>\n<ol>\n<li>Wenn der Nutzer keine Cookies erhalten m\u00f6chte, kann er die Einstellungen des Browsers \u00e4ndern. Wir weisen Sie darauf hin, dass eine Deaktivierung von Cookies bei Prozessen, die zur Authentifizierung, Sicherheit, Beibehaltung der Nutzer-Pr\u00e4ferenzen notwendig sind, die Nutzung der Internetseiten erschweren oder \u2013 in Extremf\u00e4llen \u2013 unm\u00f6glich.<\/li>\n<li>Um die Cookie-Einstellungen zu \u00e4ndern, w\u00e4hlen Sie Ihren Browser\/Ihr System aus der Liste unten aus und befolgen Sie bitte die Anweisungen:\n<ol>\n<li><a href=\"http:\/\/support.microsoft.com\/kb\/196955\">Internet Explorer<\/a><\/li>\n<li><a href=\"https:\/\/support.google.com\/chrome\/answer\/95647?hl=pl\">Chrome<\/a><\/li>\n<li><a href=\"http:\/\/support.apple.com\/kb\/PH5042\">Safari<\/a><\/li>\n<li><a href=\"https:\/\/support.mozilla.org\/pl\/kb\/W%C5%82%C4%85czanie%20i%20wy%C5%82%C4%85czanie%20obs%C5%82ugi%20ciasteczek\">Firefox<\/a><\/li>\n<li><a href=\"http:\/\/help.opera.com\/Windows\/12.10\/pl\/cookies.html\">Opera<\/a><\/li>\n<li><a href=\"https:\/\/support.google.com\/chrome\/answer\/95647?hl=pl\">Android<\/a><\/li>\n<li><a href=\"http:\/\/support.apple.com\/kb\/HT1677?viewlocale=pl_PL&amp;locale=pl_PL\">Safari (iOS)<\/a><\/li>\n<li><a href=\"http:\/\/www.windowsphone.com\/pl-pl\/how-to\/wp7\/web\/changing-privacy-and-other-browser-settings\">Windows Phone<\/a><\/li>\n<li>Blackberry<\/li>\n<\/ol>\n<\/li>\n<\/ol>\n<p>Die Datenschutzpolitik wurde auf Basis des unter www.ogicom.pl erh\u00e4ltlichen Musters erstellt.<\/p>\n<h2>Cookies<\/h2>\n<p>Die Internetseite nutzt den Cookie-Mechanismus. Cookies sind kleine Textinformationen, die durch einen WWW-Server versandt und beim Nutzer gespeichert werden (in der Regel auf der Festplatte).<\/p>\n","protected":false},"excerpt":{"rendered":"<p>Allgemeine Angaben Der Service-Betreiber ist: Z\u0142oty Orze\u0142 PS Sp z.o.o, ul. Dziewicza 33, 41-200 Sosnowiec, NIP: 6443509102, KRS: 0000532595, REGON: 360202638 Der Service realisiert Funktionen im Bereich des Sammelns von Informationen bez\u00fcglich der Nutzer und ihres Verhaltens auf folgende Weise: Durch freiwillig in Formularen gemachte Angaben. Durch Cookies, die in Endger\u00e4te gespeichert werden. Durch Sammlung [&hellip;]<\/p>\n","protected":false},"author":1,"featured_media":0,"parent":0,"menu_order":0,"comment_status":"closed","ping_status":"closed","template":"page-podstrona-tekstowa.php","meta":{"footnotes":""},"class_list":["post-23","page","type-page","status-publish","hentry"],"yoast_head":"<!-- This site is optimized with the Yoast SEO plugin v15.6.1 - https:\/\/yoast.com\/wordpress\/plugins\/seo\/ -->\n<title>Datenschutz-Bestimmungen - EcoVerre DE<\/title>\n<meta name=\"robots\" content=\"index, follow, max-snippet:-1, max-image-preview:large, max-video-preview:-1\" \/>\n<link rel=\"canonical\" href=\"https:\/\/ecoverre.pl\/de\/datenschutz-bestimmungen\/\" \/>\n<meta property=\"og:locale\" content=\"pl_PL\" \/>\n<meta property=\"og:type\" content=\"article\" \/>\n<meta property=\"og:title\" content=\"Datenschutz-Bestimmungen - EcoVerre DE\" \/>\n<meta property=\"og:description\" content=\"Allgemeine Angaben Der Service-Betreiber ist: Z\u0142oty Orze\u0142 PS Sp z.o.o, ul. Dziewicza 33, 41-200 Sosnowiec, NIP: 6443509102, KRS: 0000532595, REGON: 360202638 Der Service realisiert Funktionen im Bereich des Sammelns von Informationen bez\u00fcglich der Nutzer und ihres Verhaltens auf folgende Weise: Durch freiwillig in Formularen gemachte Angaben. Durch Cookies, die in Endger\u00e4te gespeichert werden. Durch Sammlung [&hellip;]\" \/>\n<meta property=\"og:url\" content=\"https:\/\/ecoverre.pl\/de\/datenschutz-bestimmungen\/\" \/>\n<meta property=\"og:site_name\" content=\"EcoVerre DE\" \/>\n<meta property=\"article:modified_time\" content=\"2020-07-02T21:22:54+00:00\" \/>\n<meta property=\"og:image\" content=\"https:\/\/ecoverre.pl\/de\/wp-content\/uploads\/2020\/06\/ecoverre-og.jpg\" \/>\n\t<meta property=\"og:image:width\" content=\"1200\" \/>\n\t<meta property=\"og:image:height\" content=\"628\" \/>\n<meta name=\"twitter:card\" content=\"summary_large_image\" \/>\n<meta name=\"twitter:label1\" content=\"Est. reading time\">\n\t<meta name=\"twitter:data1\" content=\"5 minut\">\n<script type=\"application\/ld+json\" class=\"yoast-schema-graph\">{\"@context\":\"https:\/\/schema.org\",\"@graph\":[{\"@type\":\"WebSite\",\"@id\":\"https:\/\/ecoverre.pl\/de\/#website\",\"url\":\"https:\/\/ecoverre.pl\/de\/\",\"name\":\"EcoVerre DE\",\"description\":\"Recykling szk\\u0142a laminowanego\",\"potentialAction\":[{\"@type\":\"SearchAction\",\"target\":\"https:\/\/ecoverre.pl\/de\/?s={search_term_string}\",\"query-input\":\"required name=search_term_string\"}],\"inLanguage\":\"pl-PL\"},{\"@type\":\"WebPage\",\"@id\":\"https:\/\/ecoverre.pl\/de\/datenschutz-bestimmungen\/#webpage\",\"url\":\"https:\/\/ecoverre.pl\/de\/datenschutz-bestimmungen\/\",\"name\":\"Datenschutz-Bestimmungen - EcoVerre DE\",\"isPartOf\":{\"@id\":\"https:\/\/ecoverre.pl\/de\/#website\"},\"datePublished\":\"2020-06-10T19:32:19+00:00\",\"dateModified\":\"2020-07-02T21:22:54+00:00\",\"inLanguage\":\"pl-PL\",\"potentialAction\":[{\"@type\":\"ReadAction\",\"target\":[\"https:\/\/ecoverre.pl\/de\/datenschutz-bestimmungen\/\"]}]}]}<\/script>\n<!-- \/ Yoast SEO plugin. -->","_links":{"self":[{"href":"https:\/\/ecoverre.pl\/de\/wp-json\/wp\/v2\/pages\/23","targetHints":{"allow":["GET"]}}],"collection":[{"href":"https:\/\/ecoverre.pl\/de\/wp-json\/wp\/v2\/pages"}],"about":[{"href":"https:\/\/ecoverre.pl\/de\/wp-json\/wp\/v2\/types\/page"}],"author":[{"embeddable":true,"href":"https:\/\/ecoverre.pl\/de\/wp-json\/wp\/v2\/users\/1"}],"replies":[{"embeddable":true,"href":"https:\/\/ecoverre.pl\/de\/wp-json\/wp\/v2\/comments?post=23"}],"version-history":[{"count":5,"href":"https:\/\/ecoverre.pl\/de\/wp-json\/wp\/v2\/pages\/23\/revisions"}],"predecessor-version":[{"id":55,"href":"https:\/\/ecoverre.pl\/de\/wp-json\/wp\/v2\/pages\/23\/revisions\/55"}],"wp:attachment":[{"href":"https:\/\/ecoverre.pl\/de\/wp-json\/wp\/v2\/media?parent=23"}],"curies":[{"name":"wp","href":"https:\/\/api.w.org\/{rel}","templated":true}]}}