{"id":8,"date":"2020-06-06T08:55:38","date_gmt":"2020-06-06T06:55:38","guid":{"rendered":"https:\/\/ecoverre.pl\/cz\/?page_id=8"},"modified":"2020-09-06T14:15:02","modified_gmt":"2020-09-06T12:15:02","slug":"strona-glowna","status":"publish","type":"page","link":"https:\/\/ecoverre.pl\/cz\/","title":{"rendered":"Domov"},"content":{"rendered":"","protected":false},"excerpt":{"rendered":"","protected":false},"author":1,"featured_media":0,"parent":0,"menu_order":0,"comment_status":"closed","ping_status":"closed","template":"page-home.php","meta":{"footnotes":""},"class_list":["post-8","page","type-page","status-publish","hentry"],"yoast_head":"<!-- This site is optimized with the Yoast SEO plugin v15.6.1 - https:\/\/yoast.com\/wordpress\/plugins\/seo\/ -->\n<title>Recyklace laminovan\u00e9ho skla - EcoVerre<\/title>\n<meta name=\"description\" content=\"Zpracov\u00e1v\u00e1me laminovan\u00e9 sklo a vrac\u00edme materi\u00e1ly p\u0159ipraven\u00e9 k op\u011btovn\u00e9mu pou\u017eit\u00ed ve form\u011b vy\u010di\u0161t\u011bn\u00e9 PVB f\u00f3lie a skla. Tel: 507 543 868\" \/>\n<meta name=\"robots\" content=\"index, follow, max-snippet:-1, max-image-preview:large, max-video-preview:-1\" \/>\n<link rel=\"canonical\" href=\"https:\/\/ecoverre.pl\/cz\/\" \/>\n<meta property=\"og:locale\" content=\"pl_PL\" \/>\n<meta property=\"og:type\" content=\"article\" \/>\n<meta property=\"og:title\" content=\"Recyklace laminovan\u00e9ho skla - EcoVerre\" \/>\n<meta property=\"og:description\" content=\"Zpracov\u00e1v\u00e1me laminovan\u00e9 sklo a vrac\u00edme materi\u00e1ly p\u0159ipraven\u00e9 k op\u011btovn\u00e9mu pou\u017eit\u00ed ve form\u011b vy\u010di\u0161t\u011bn\u00e9 PVB f\u00f3lie a skla. Tel: 507 543 868\" \/>\n<meta property=\"og:url\" content=\"https:\/\/ecoverre.pl\/cz\/\" \/>\n<meta property=\"og:site_name\" content=\"EcoVerre\" \/>\n<meta property=\"article:modified_time\" content=\"2020-09-06T12:15:02+00:00\" \/>\n<meta property=\"og:image\" content=\"https:\/\/ecoverre.pl\/cz\/wp-content\/uploads\/2020\/06\/ecoverre-og.jpg\" \/>\n\t<meta property=\"og:image:width\" content=\"1200\" \/>\n\t<meta property=\"og:image:height\" content=\"628\" \/>\n<meta name=\"twitter:card\" content=\"summary_large_image\" \/>\n<script type=\"application\/ld+json\" class=\"yoast-schema-graph\">{\"@context\":\"https:\/\/schema.org\",\"@graph\":[{\"@type\":\"WebSite\",\"@id\":\"https:\/\/ecoverre.pl\/cz\/#website\",\"url\":\"https:\/\/ecoverre.pl\/cz\/\",\"name\":\"EcoVerre\",\"description\":\"Recykling szk\\u0142a laminowanego\",\"potentialAction\":[{\"@type\":\"SearchAction\",\"target\":\"https:\/\/ecoverre.pl\/cz\/?s={search_term_string}\",\"query-input\":\"required name=search_term_string\"}],\"inLanguage\":\"pl-PL\"},{\"@type\":\"WebPage\",\"@id\":\"https:\/\/ecoverre.pl\/cz\/#webpage\",\"url\":\"https:\/\/ecoverre.pl\/cz\/\",\"name\":\"Recyklace laminovan\\u00e9ho skla - EcoVerre\",\"isPartOf\":{\"@id\":\"https:\/\/ecoverre.pl\/cz\/#website\"},\"datePublished\":\"2020-06-06T06:55:38+00:00\",\"dateModified\":\"2020-09-06T12:15:02+00:00\",\"description\":\"Zpracov\\u00e1v\\u00e1me laminovan\\u00e9 sklo a vrac\\u00edme materi\\u00e1ly p\\u0159ipraven\\u00e9 k op\\u011btovn\\u00e9mu pou\\u017eit\\u00ed ve form\\u011b vy\\u010di\\u0161t\\u011bn\\u00e9 PVB f\\u00f3lie a skla. Tel: 507 543 868\",\"inLanguage\":\"pl-PL\",\"potentialAction\":[{\"@type\":\"ReadAction\",\"target\":[\"https:\/\/ecoverre.pl\/cz\/\"]}]}]}<\/script>\n<!-- \/ Yoast SEO plugin. -->","_links":{"self":[{"href":"https:\/\/ecoverre.pl\/cz\/wp-json\/wp\/v2\/pages\/8","targetHints":{"allow":["GET"]}}],"collection":[{"href":"https:\/\/ecoverre.pl\/cz\/wp-json\/wp\/v2\/pages"}],"about":[{"href":"https:\/\/ecoverre.pl\/cz\/wp-json\/wp\/v2\/types\/page"}],"author":[{"embeddable":true,"href":"https:\/\/ecoverre.pl\/cz\/wp-json\/wp\/v2\/users\/1"}],"replies":[{"embeddable":true,"href":"https:\/\/ecoverre.pl\/cz\/wp-json\/wp\/v2\/comments?post=8"}],"version-history":[{"count":2,"href":"https:\/\/ecoverre.pl\/cz\/wp-json\/wp\/v2\/pages\/8\/revisions"}],"predecessor-version":[{"id":50,"href":"https:\/\/ecoverre.pl\/cz\/wp-json\/wp\/v2\/pages\/8\/revisions\/50"}],"wp:attachment":[{"href":"https:\/\/ecoverre.pl\/cz\/wp-json\/wp\/v2\/media?parent=8"}],"curies":[{"name":"wp","href":"https:\/\/api.w.org\/{rel}","templated":true}]}}