{"id":19,"date":"2020-06-10T21:31:24","date_gmt":"2020-06-10T19:31:24","guid":{"rendered":"https:\/\/ecoverre.pl\/cz\/?page_id=19"},"modified":"2020-09-06T14:20:12","modified_gmt":"2020-09-06T12:20:12","slug":"technologie","status":"publish","type":"page","link":"https:\/\/ecoverre.pl\/cz\/technologie\/","title":{"rendered":"Technologie"},"content":{"rendered":"","protected":false},"excerpt":{"rendered":"","protected":false},"author":1,"featured_media":0,"parent":0,"menu_order":0,"comment_status":"closed","ping_status":"closed","template":"page-technologia.php","meta":{"footnotes":""},"class_list":["post-19","page","type-page","status-publish","hentry"],"yoast_head":"<!-- This site is optimized with the Yoast SEO plugin v15.6.1 - https:\/\/yoast.com\/wordpress\/plugins\/seo\/ -->\n<title>Technologie recyklace f\u00f3liov\u00e9ho skla - EcoVerre<\/title>\n<meta name=\"description\" content=\"Z\u00edsk\u00e1v\u00e1me vysokou efektivitu obnovy, potvrzenou laboratorn\u00edm v\u00fdzkumem v pr\u016fmyslov\u00e9m m\u011b\u0159\u00edtku\" \/>\n<meta name=\"robots\" content=\"index, follow, max-snippet:-1, max-image-preview:large, max-video-preview:-1\" \/>\n<link rel=\"canonical\" href=\"https:\/\/ecoverre.pl\/cz\/technologie\/\" \/>\n<meta property=\"og:locale\" content=\"pl_PL\" \/>\n<meta property=\"og:type\" content=\"article\" \/>\n<meta property=\"og:title\" content=\"Technologie recyklace f\u00f3liov\u00e9ho skla - EcoVerre\" \/>\n<meta property=\"og:description\" content=\"Z\u00edsk\u00e1v\u00e1me vysokou efektivitu obnovy, potvrzenou laboratorn\u00edm v\u00fdzkumem v pr\u016fmyslov\u00e9m m\u011b\u0159\u00edtku\" \/>\n<meta property=\"og:url\" content=\"https:\/\/ecoverre.pl\/cz\/technologie\/\" \/>\n<meta property=\"og:site_name\" content=\"EcoVerre\" \/>\n<meta property=\"article:modified_time\" content=\"2020-09-06T12:20:12+00:00\" \/>\n<meta property=\"og:image\" content=\"https:\/\/ecoverre.pl\/cz\/wp-content\/uploads\/2020\/06\/ecoverre-og.jpg\" \/>\n\t<meta property=\"og:image:width\" content=\"1200\" \/>\n\t<meta property=\"og:image:height\" content=\"628\" \/>\n<meta name=\"twitter:card\" content=\"summary_large_image\" \/>\n<script type=\"application\/ld+json\" class=\"yoast-schema-graph\">{\"@context\":\"https:\/\/schema.org\",\"@graph\":[{\"@type\":\"WebSite\",\"@id\":\"https:\/\/ecoverre.pl\/cz\/#website\",\"url\":\"https:\/\/ecoverre.pl\/cz\/\",\"name\":\"EcoVerre\",\"description\":\"Recykling szk\\u0142a laminowanego\",\"potentialAction\":[{\"@type\":\"SearchAction\",\"target\":\"https:\/\/ecoverre.pl\/cz\/?s={search_term_string}\",\"query-input\":\"required name=search_term_string\"}],\"inLanguage\":\"pl-PL\"},{\"@type\":\"WebPage\",\"@id\":\"https:\/\/ecoverre.pl\/cz\/technologie\/#webpage\",\"url\":\"https:\/\/ecoverre.pl\/cz\/technologie\/\",\"name\":\"Technologie recyklace f\\u00f3liov\\u00e9ho skla - EcoVerre\",\"isPartOf\":{\"@id\":\"https:\/\/ecoverre.pl\/cz\/#website\"},\"datePublished\":\"2020-06-10T19:31:24+00:00\",\"dateModified\":\"2020-09-06T12:20:12+00:00\",\"description\":\"Z\\u00edsk\\u00e1v\\u00e1me vysokou efektivitu obnovy, potvrzenou laboratorn\\u00edm v\\u00fdzkumem v pr\\u016fmyslov\\u00e9m m\\u011b\\u0159\\u00edtku\",\"inLanguage\":\"pl-PL\",\"potentialAction\":[{\"@type\":\"ReadAction\",\"target\":[\"https:\/\/ecoverre.pl\/cz\/technologie\/\"]}]}]}<\/script>\n<!-- \/ Yoast SEO plugin. -->","_links":{"self":[{"href":"https:\/\/ecoverre.pl\/cz\/wp-json\/wp\/v2\/pages\/19","targetHints":{"allow":["GET"]}}],"collection":[{"href":"https:\/\/ecoverre.pl\/cz\/wp-json\/wp\/v2\/pages"}],"about":[{"href":"https:\/\/ecoverre.pl\/cz\/wp-json\/wp\/v2\/types\/page"}],"author":[{"embeddable":true,"href":"https:\/\/ecoverre.pl\/cz\/wp-json\/wp\/v2\/users\/1"}],"replies":[{"embeddable":true,"href":"https:\/\/ecoverre.pl\/cz\/wp-json\/wp\/v2\/comments?post=19"}],"version-history":[{"count":5,"href":"https:\/\/ecoverre.pl\/cz\/wp-json\/wp\/v2\/pages\/19\/revisions"}],"predecessor-version":[{"id":55,"href":"https:\/\/ecoverre.pl\/cz\/wp-json\/wp\/v2\/pages\/19\/revisions\/55"}],"wp:attachment":[{"href":"https:\/\/ecoverre.pl\/cz\/wp-json\/wp\/v2\/media?parent=19"}],"curies":[{"name":"wp","href":"https:\/\/api.w.org\/{rel}","templated":true}]}}