{"id":17,"date":"2020-06-10T21:31:12","date_gmt":"2020-06-10T19:31:12","guid":{"rendered":"https:\/\/ecoverre.pl\/cz\/?page_id=17"},"modified":"2020-09-06T14:18:20","modified_gmt":"2020-09-06T12:18:20","slug":"o-spolecnosti","status":"publish","type":"page","link":"https:\/\/ecoverre.pl\/cz\/o-spolecnosti\/","title":{"rendered":"O spole\u010dnosti"},"content":{"rendered":"<p>O firmie<\/p>\n","protected":false},"excerpt":{"rendered":"<p>O firmie<\/p>\n","protected":false},"author":1,"featured_media":0,"parent":0,"menu_order":0,"comment_status":"closed","ping_status":"closed","template":"page-ofirmie.php","meta":{"footnotes":""},"class_list":["post-17","page","type-page","status-publish","hentry"],"yoast_head":"<!-- This site is optimized with the Yoast SEO plugin v15.6.1 - https:\/\/yoast.com\/wordpress\/plugins\/seo\/ -->\n<title>Recyklace laminovan\u00e9ho skla - EcoVerre<\/title>\n<meta name=\"description\" content=\"Na prvn\u00edm m\u00edst\u011b klademe d\u016fraz na ochranu \u017eivotn\u00edho prost\u0159ed\u00ed t\u00edm, \u017ee se v\u011bnujeme na\u0161\u00ed \u010dinnosti na polsk\u00e9m i zahrani\u010dn\u00edm trhu.\" \/>\n<meta name=\"robots\" content=\"index, follow, max-snippet:-1, max-image-preview:large, max-video-preview:-1\" \/>\n<link rel=\"canonical\" href=\"https:\/\/ecoverre.pl\/cz\/o-spolecnosti\/\" \/>\n<meta property=\"og:locale\" content=\"pl_PL\" \/>\n<meta property=\"og:type\" content=\"article\" \/>\n<meta property=\"og:title\" content=\"Recyklace laminovan\u00e9ho skla - EcoVerre\" \/>\n<meta property=\"og:description\" content=\"Na prvn\u00edm m\u00edst\u011b klademe d\u016fraz na ochranu \u017eivotn\u00edho prost\u0159ed\u00ed t\u00edm, \u017ee se v\u011bnujeme na\u0161\u00ed \u010dinnosti na polsk\u00e9m i zahrani\u010dn\u00edm trhu.\" \/>\n<meta property=\"og:url\" content=\"https:\/\/ecoverre.pl\/cz\/o-spolecnosti\/\" \/>\n<meta property=\"og:site_name\" content=\"EcoVerre\" \/>\n<meta property=\"article:modified_time\" content=\"2020-09-06T12:18:20+00:00\" \/>\n<meta property=\"og:image\" content=\"https:\/\/ecoverre.pl\/cz\/wp-content\/uploads\/2020\/06\/ecoverre-og.jpg\" \/>\n\t<meta property=\"og:image:width\" content=\"1200\" \/>\n\t<meta property=\"og:image:height\" content=\"628\" \/>\n<meta name=\"twitter:card\" content=\"summary_large_image\" \/>\n<script type=\"application\/ld+json\" class=\"yoast-schema-graph\">{\"@context\":\"https:\/\/schema.org\",\"@graph\":[{\"@type\":\"WebSite\",\"@id\":\"https:\/\/ecoverre.pl\/cz\/#website\",\"url\":\"https:\/\/ecoverre.pl\/cz\/\",\"name\":\"EcoVerre\",\"description\":\"Recykling szk\\u0142a laminowanego\",\"potentialAction\":[{\"@type\":\"SearchAction\",\"target\":\"https:\/\/ecoverre.pl\/cz\/?s={search_term_string}\",\"query-input\":\"required name=search_term_string\"}],\"inLanguage\":\"pl-PL\"},{\"@type\":\"WebPage\",\"@id\":\"https:\/\/ecoverre.pl\/cz\/o-spolecnosti\/#webpage\",\"url\":\"https:\/\/ecoverre.pl\/cz\/o-spolecnosti\/\",\"name\":\"Recyklace laminovan\\u00e9ho skla - EcoVerre\",\"isPartOf\":{\"@id\":\"https:\/\/ecoverre.pl\/cz\/#website\"},\"datePublished\":\"2020-06-10T19:31:12+00:00\",\"dateModified\":\"2020-09-06T12:18:20+00:00\",\"description\":\"Na prvn\\u00edm m\\u00edst\\u011b klademe d\\u016fraz na ochranu \\u017eivotn\\u00edho prost\\u0159ed\\u00ed t\\u00edm, \\u017ee se v\\u011bnujeme na\\u0161\\u00ed \\u010dinnosti na polsk\\u00e9m i zahrani\\u010dn\\u00edm trhu.\",\"inLanguage\":\"pl-PL\",\"potentialAction\":[{\"@type\":\"ReadAction\",\"target\":[\"https:\/\/ecoverre.pl\/cz\/o-spolecnosti\/\"]}]}]}<\/script>\n<!-- \/ Yoast SEO plugin. -->","_links":{"self":[{"href":"https:\/\/ecoverre.pl\/cz\/wp-json\/wp\/v2\/pages\/17","targetHints":{"allow":["GET"]}}],"collection":[{"href":"https:\/\/ecoverre.pl\/cz\/wp-json\/wp\/v2\/pages"}],"about":[{"href":"https:\/\/ecoverre.pl\/cz\/wp-json\/wp\/v2\/types\/page"}],"author":[{"embeddable":true,"href":"https:\/\/ecoverre.pl\/cz\/wp-json\/wp\/v2\/users\/1"}],"replies":[{"embeddable":true,"href":"https:\/\/ecoverre.pl\/cz\/wp-json\/wp\/v2\/comments?post=17"}],"version-history":[{"count":3,"href":"https:\/\/ecoverre.pl\/cz\/wp-json\/wp\/v2\/pages\/17\/revisions"}],"predecessor-version":[{"id":53,"href":"https:\/\/ecoverre.pl\/cz\/wp-json\/wp\/v2\/pages\/17\/revisions\/53"}],"wp:attachment":[{"href":"https:\/\/ecoverre.pl\/cz\/wp-json\/wp\/v2\/media?parent=17"}],"curies":[{"name":"wp","href":"https:\/\/api.w.org\/{rel}","templated":true}]}}